
{"id":9661,"date":"2024-12-29T00:01:00","date_gmt":"2024-12-29T00:01:00","guid":{"rendered":"https:\/\/www.overline-design.de\/poetry\/?page_id=9661"},"modified":"2024-12-27T15:37:13","modified_gmt":"2024-12-27T15:37:13","slug":"denkmalschuetzer-in-deutschland","status":"publish","type":"page","link":"https:\/\/www.overline-design.de\/poetry\/?page_id=9661","title":{"rendered":"Denkmalsch\u00fctzer in Deutschland"},"content":{"rendered":"\n<p>Werden Geb\u00e4ude aus Kostengr\u00fcnden vom Schulamt nicht renoviert,<br>sich der <strong>Denkmalschutz<\/strong> dann f\u00fcr \u201ezerfallene Geb\u00e4ude\u201c interessiert.<br>Ab diesem Zeitpunkt d\u00fcrfen die Geb\u00e4ude dann nicht weiter saniert,<br>auch wenn dadurch eine \u201eNutzbarkeit des Geb\u00e4udes\u201c wird &#8222;riskiert&#8220;.<br><br>Die <strong>Denkmalschutzbeh\u00f6rde<\/strong> hat eine Reparatur der Schule untersagt,<br>so manches Mal den Sinn dieser beh\u00f6rdlichen Verf\u00fcgung hinterfragt.<br>Wen soll dieses \u201eMal zum Denken\u201c an vergangene Zeiten anregen,<br>hier sollte sich der \u201esachbezogene Verstand\u201c der Beh\u00f6rde bewegen.<br><br>In einer Schule die Decke vom Klassenzimmer \u201eherunter gekracht\u201c,<br>f\u00fcr die Instandsetzung vom <strong>Denkmalschutz<\/strong> eine Blockade gemacht.<br>Die Sch\u00fcler m\u00fcssen zu Fu\u00df zu R\u00e4umen in der N\u00e4he dann hingehen,<br>weil der <strong>Denkmalschutz<\/strong> die Reparatur untersagt, nicht zu verstehen.<br><br>Die <strong>Denkmalsch\u00fctzer<\/strong> sch\u00fctzen vorrangig ihren \u201eAmtsschimmelstall\u201c,<br>denn sie wollen weiter \u201eAmtsschimmel\u201c reiten und das in jedem Fall.<br>So werden weiter fragw\u00fcrdige Paragraphen in Anwendung gebracht,<br>die f\u00fcr ihren \u201eAmtsschimmelreitstall\u201c wurden sich extra ausgedacht.<br><br>So manches Mal fragt man sich, warum ein Objekt wird gesch\u00fctzt,<br>denn ohne Erkenntnis dieses in entfernter Zukunft doch wenig n\u00fctzt.<br>Hier sollten die Nutzung und Sicherheit f\u00fcr die B\u00fcrger ausgewogen,<br>sonst werden B\u00fcrger in der Zukunft mit der Vergangenheit belogen.<br><br>\u201eEine Mauer im Zerfall\u201c wurde dem <strong>Denkmalsch\u00fctzern<\/strong> unterstellt,<br>so man hoffte, das dieses Denkmal zuk\u00fcnftig den B\u00fcrgern gef\u00e4llt.<br>Zur Sicherung musste diese Mauer dann mit einem Zaun versehen<br>und die Ironie: B\u00fcrger k\u00f6nnen auf den Fu\u00dfweg nicht mehr gehen.<br><br><strong>\u00a9 Rainer Dambroth &#8211; 27.12.2024 &#8211; <a href=\"http:\/\/www.overline-poetry.de\/\"><strong>www.overline-poetry.de<\/strong><\/a><\/strong><br><br><strong><a href=\"https:\/\/www.overline-design.de\/poetry\/wp-admin\/post.php?post=5011&amp;action=edit\">Amtsschimmelreiter<\/a><\/strong><br><strong><a href=\"https:\/\/www.overline-design.de\/poetry\/wp-admin\/post.php?post=6750&amp;action=edit\">Denkmalschutz \u2013 der Treppenwitz!<\/a><\/strong><br><strong><a href=\"https:\/\/www.overline-design.de\/poetry\/wp-admin\/post.php?post=1429&amp;action=edit\">Wem Gott gibt ein Amt, dem gibt er auch Verstand<\/a><\/strong><br><strong><a href=\"https:\/\/www.overline-design.de\/poetry\/wp-admin\/post.php?post=9518&amp;action=edit\">Ein 200 Jahre altes K\u00f6hlerhaus im Sauerland droht der Abriss<\/a><\/strong><br><strong><a href=\"https:\/\/www.overline-design.de\/poetry\/wp-admin\/post.php?post=1429&amp;action=edit\"><br><\/a><\/strong><\/p>\n","protected":false},"excerpt":{"rendered":"<p>Werden Geb\u00e4ude aus Kostengr\u00fcnden vom Schulamt nicht renoviert,sich der Denkmalschutz dann f\u00fcr \u201ezerfallene Geb\u00e4ude\u201c interessiert.Ab diesem Zeitpunkt d\u00fcrfen die Geb\u00e4ude dann nicht weiter saniert,auch wenn dadurch eine \u201eNutzbarkeit des Geb\u00e4udes\u201c wird &#8222;riskiert&#8220;. Die Denkmalschutzbeh\u00f6rde hat eine Reparatur der Schule untersagt,so manches Mal den Sinn dieser beh\u00f6rdlichen Verf\u00fcgung hinterfragt.Wen soll dieses \u201eMal zum Denken\u201c an vergangene [&hellip;]<\/p>\n","protected":false},"author":3,"featured_media":0,"parent":0,"menu_order":0,"comment_status":"closed","ping_status":"closed","template":"","meta":{"footnotes":""},"class_list":["post-9661","page","type-page","status-publish","hentry"],"jetpack_sharing_enabled":true,"_links":{"self":[{"href":"https:\/\/www.overline-design.de\/poetry\/index.php?rest_route=\/wp\/v2\/pages\/9661","targetHints":{"allow":["GET"]}}],"collection":[{"href":"https:\/\/www.overline-design.de\/poetry\/index.php?rest_route=\/wp\/v2\/pages"}],"about":[{"href":"https:\/\/www.overline-design.de\/poetry\/index.php?rest_route=\/wp\/v2\/types\/page"}],"author":[{"embeddable":true,"href":"https:\/\/www.overline-design.de\/poetry\/index.php?rest_route=\/wp\/v2\/users\/3"}],"replies":[{"embeddable":true,"href":"https:\/\/www.overline-design.de\/poetry\/index.php?rest_route=%2Fwp%2Fv2%2Fcomments&post=9661"}],"version-history":[{"count":9,"href":"https:\/\/www.overline-design.de\/poetry\/index.php?rest_route=\/wp\/v2\/pages\/9661\/revisions"}],"predecessor-version":[{"id":9675,"href":"https:\/\/www.overline-design.de\/poetry\/index.php?rest_route=\/wp\/v2\/pages\/9661\/revisions\/9675"}],"wp:attachment":[{"href":"https:\/\/www.overline-design.de\/poetry\/index.php?rest_route=%2Fwp%2Fv2%2Fmedia&parent=9661"}],"curies":[{"name":"wp","href":"https:\/\/api.w.org\/{rel}","templated":true}]}}