
{"id":9687,"date":"2024-12-30T00:02:00","date_gmt":"2024-12-30T00:02:00","guid":{"rendered":"https:\/\/www.overline-design.de\/poetry\/?page_id=9687"},"modified":"2024-12-30T05:03:12","modified_gmt":"2024-12-30T05:03:12","slug":"weihnachtsmarkt-magdeburg-war-es-ein-behoerdenversagen","status":"publish","type":"page","link":"https:\/\/www.overline-design.de\/poetry\/?page_id=9687","title":{"rendered":"Weihnachtsmarkt Magdeburg \u2013 War es ein Beh\u00f6rdenversagen?"},"content":{"rendered":"\n<p>Wie ist es m\u00f6glich und kann es bei gebotener Sicherheit nur sein,<br>dass mit einem Fahrzeug konnte zu dem Weihnachtsmarkt hinein?<br>Jedes Mal wird zugesichert, dass man die Fehlern wird korrigieren,<br>aber g\u00e4be es eine Zufahrtskontrolle, konnte es so nicht passieren.<br><br>Der T\u00e4ter war auch schon auff\u00e4llig und den Beh\u00f6rden wohlbekannt.<br>Jetzt so tun, als w\u00fcrden erforderliche Ma\u00dfnahmen endlich benannt.<br>Die Gef\u00e4hrder sind ohne Risikoabw\u00e4gung des Landes zu verweisen,<br>sollten \u201eohne R\u00fccksicht auf Verluste\u201c ins Herkunftsland dann reisen.<br><br>Bitte nicht wieder den T\u00e4ter als \u201enicht zurechnungsf\u00e4hig\u201c einstufen<br>und nicht Sachverst\u00e4ndige zur Begutachtung des T\u00e4ters hinzurufen.<br>Der T\u00e4ter hat dieses bewusst geplant und es genauso dann initiiert.<br>Ihm waren die Konsequenzen bewusst, was bei dieser Tat passiert.<br><br>Das ist wieder \u201eWasser auf die M\u00fchlen\u201c der <strong>rechtsextremen <\/strong>Partei,<br>obwohl von dem T\u00e4ter versichert wurde, er w\u00e4re bei der <strong>AFD<\/strong> dabei.<br>Hier soll von der <strong>AFD<\/strong> die \u201ev\u00f6lkische S\u00e4uberung\u201c eingef\u00fchrt werden<br>und \u201ealle Ausl\u00e4nder\u201c m\u00fcssten dann verlassen die deutschen Erden.<br><br><strong>Rechtsextreme<\/strong>, auch Deutsche, w\u00fcrde ich \u201ein die W\u00fcste schicken\u201c<br>und nicht wieder z\u00f6gerlich auf rechtliche Voraussetzungen blicken.<br>Wir sind eine Demokratie, aber m\u00fcssen nicht jeden Hass ertragen,<br>dem Nationalsozialismus aus der \u201eVogelschissgeschichte\u201c entsagen.<br><br>Dem T\u00e4ter, als Bestrafung, zu entziehen die \u00e4rztliche Approbation,<br>das grenzt, gemessen an dem Leiden der Opfer, schon an Hohn.<br>Der Staat sollte alle rechtlichen Mittel der Bestrafung aussch\u00f6pfen,<br>w\u00e4re dieses in einem Islam-Staat passiert, w\u00fcrde man ihn k\u00f6pfen.<br><br><strong>\u00a9 Rainer Dambroth &#8211; 29.12.2024 &#8211; <a href=\"http:\/\/www.overline-poetry.de\/\">www.overline-poetry.de<\/a><\/strong><br><br><strong><a href=\"https:\/\/www.overline-design.de\/poetry\/wp-admin\/post.php?post=7598&amp;action=edit\">Warum hast du solch einen Hass?<\/a><\/strong><br><strong><a href=\"https:\/\/www.overline-design.de\/poetry\/wp-admin\/post.php?post=8271&amp;action=edit\">Rechtsextreme planen \u201ev\u00f6lkische\u201c S\u00e4uberung<\/a><\/strong><br><strong><a href=\"https:\/\/www.overline-design.de\/poetry\/wp-admin\/post.php?post=9125&amp;action=edit\">AfD-W\u00e4hler, sagt sp\u00e4ter nicht: \u201eDieses hat man so doch nicht vorhersehen k\u00f6nnen\u201c!<\/a><\/strong><\/p>\n\n\n\n<p><\/p>\n","protected":false},"excerpt":{"rendered":"<p>Wie ist es m\u00f6glich und kann es bei gebotener Sicherheit nur sein,dass mit einem Fahrzeug konnte zu dem Weihnachtsmarkt hinein?Jedes Mal wird zugesichert, dass man die Fehlern wird korrigieren,aber g\u00e4be es eine Zufahrtskontrolle, konnte es so nicht passieren. Der T\u00e4ter war auch schon auff\u00e4llig und den Beh\u00f6rden wohlbekannt.Jetzt so tun, als w\u00fcrden erforderliche Ma\u00dfnahmen endlich [&hellip;]<\/p>\n","protected":false},"author":3,"featured_media":0,"parent":0,"menu_order":0,"comment_status":"closed","ping_status":"closed","template":"","meta":{"footnotes":""},"class_list":["post-9687","page","type-page","status-publish","hentry"],"jetpack_sharing_enabled":true,"_links":{"self":[{"href":"https:\/\/www.overline-design.de\/poetry\/index.php?rest_route=\/wp\/v2\/pages\/9687","targetHints":{"allow":["GET"]}}],"collection":[{"href":"https:\/\/www.overline-design.de\/poetry\/index.php?rest_route=\/wp\/v2\/pages"}],"about":[{"href":"https:\/\/www.overline-design.de\/poetry\/index.php?rest_route=\/wp\/v2\/types\/page"}],"author":[{"embeddable":true,"href":"https:\/\/www.overline-design.de\/poetry\/index.php?rest_route=\/wp\/v2\/users\/3"}],"replies":[{"embeddable":true,"href":"https:\/\/www.overline-design.de\/poetry\/index.php?rest_route=%2Fwp%2Fv2%2Fcomments&post=9687"}],"version-history":[{"count":7,"href":"https:\/\/www.overline-design.de\/poetry\/index.php?rest_route=\/wp\/v2\/pages\/9687\/revisions"}],"predecessor-version":[{"id":9707,"href":"https:\/\/www.overline-design.de\/poetry\/index.php?rest_route=\/wp\/v2\/pages\/9687\/revisions\/9707"}],"wp:attachment":[{"href":"https:\/\/www.overline-design.de\/poetry\/index.php?rest_route=%2Fwp%2Fv2%2Fmedia&parent=9687"}],"curies":[{"name":"wp","href":"https:\/\/api.w.org\/{rel}","templated":true}]}}