
{"id":9697,"date":"2025-01-01T00:01:00","date_gmt":"2025-01-01T00:01:00","guid":{"rendered":"https:\/\/www.overline-design.de\/poetry\/?page_id=9697"},"modified":"2024-12-29T18:18:56","modified_gmt":"2024-12-29T18:18:56","slug":"die-neue-bundesregierung-in-2025-frohes-neues-jahr","status":"publish","type":"page","link":"https:\/\/www.overline-design.de\/poetry\/?page_id=9697","title":{"rendered":"Die neue Bundesregierung in 2025 \u2013 Frohes neues Jahr?"},"content":{"rendered":"\n<p>Ich hoffe, die <strong>neue Regierung<\/strong> weder rechts noch links von der Mitte,<br>sonst <strong>Linksextreme<\/strong> oder <strong>Rechtsextreme<\/strong> dann als \u201elachende Dritte\u201c,<br>denn haben W\u00e4hler bei <strong>demokratischen Parteien<\/strong> die \u201eQual der Wahl\u201c,<br>dann w\u00e4hlen sie doch, anstatt eine billige Kopie, gleich das Original.<br><br>Ich w\u00fcnschte, der Ton m\u00e4\u00dfigt sich, man wendet sich Problemen zu,<br>damit die \u201eWirtschaft l\u00e4uft an\u201c und die Menschen kommen zur Ruh.<br>Vorwiegend geht es den Parteien um Machtgewinn oder um Erhalt,<br>weniger um die wahren Probleme, die sind zu l\u00f6sen sind sehr bald.<br><br>Unser Hauptproblem sind nicht die \u201eAusl\u00e4nder\u201c, womit wir verlieren,<br>sondern die Parteien, die eine Hetze gegen \u201eAusl\u00e4nder\u201c akzeptieren.<br>Hier sollten die <strong>demokratischen Parteien<\/strong> dann die &#8222;rote Linie&#8220; ziehen,<br>dem Zuflucht gew\u00e4hren, der unter Gewaltandrohung musste fliehen.<br><br>Wer sich mit <strong>rechtsextremen Populismus<\/strong> einzig darauf konzentriert,<br>dass die Remigration als wichtigstes Wahlkampfthema wird forciert,<br>der spielt den <strong>rechtspopulistisch agierenden Parteien<\/strong> in die Karten,<br>die auf solche Momente, &#8222;Ausl\u00e4nderhetze zu verbreiten&#8220;, nur warten.<br><br>Die <strong>FDP<\/strong>, &#8222;demokratische Kleinstpartei der Mitte&#8220;, noch ohne Wert,<br>sieht sich als die Wichtigste und als ein Koalitionspartner begehrt.<br>Nur, was man aus der politischen Arbeit der Vergangenheit gelernt,<br>mit diesen \u201eGiftspritzern\u201c man schnell aus dem Kanzleramt entfernt.<br><br>Die <strong>Sozialdemokraten<\/strong> an ihren sozialen R\u00e4ndern jetzt \u201eaufweichen\u201c,<br>indem sie verk\u00fcnden, das sie das B\u00fcrgergeld wollen neu angleichen.<br>Sie k\u00fcndigen an, sie w\u00e4ren auch mit der <strong>FDP<\/strong> zu der Koalition bereit,<br>aber schon komisch, wo eine Zusammenarbeit ist geendet im Streit.<br><br>Die Demokraten sollten sich gegen den <strong>Rechtsextremismus<\/strong> st\u00e4rken,<br>den \u201eSchlag in die gleiche Kerbe\u201c werden wir als Problem bemerken.<br>Auch die <strong>linksextremen Gruppierungen<\/strong> konnten im Osten abr\u00e4umen<br>und den B\u00fcrgern Abhilfe suggerieren, &#8222;so k\u00f6nnen sie weiter tr\u00e4umen&#8220;.<br><br><strong>\u00a9 Rainer Dambroth &#8211; 01.01.2025 &#8211; <a href=\"http:\/\/www.overline-poetry.de\/\"><strong>www.overline-poetry.de<\/strong><\/a><\/strong><br><br><strong><a href=\"https:\/\/www.overline-design.de\/poetry\/wp-admin\/post.php?post=815&amp;action=edit\">Die Qual der Wahl<\/a><\/strong><br><strong><a href=\"https:\/\/www.overline-design.de\/poetry\/wp-admin\/post.php?post=4164&amp;action=edit\">Die Wahlen werfen ihre Schatten weit voraus<\/a><\/strong><\/p>\n","protected":false},"excerpt":{"rendered":"<p>Ich hoffe, die neue Regierung weder rechts noch links von der Mitte,sonst Linksextreme oder Rechtsextreme dann als \u201elachende Dritte\u201c,denn haben W\u00e4hler bei demokratischen Parteien die \u201eQual der Wahl\u201c,dann w\u00e4hlen sie doch, anstatt eine billige Kopie, gleich das Original. Ich w\u00fcnschte, der Ton m\u00e4\u00dfigt sich, man wendet sich Problemen zu,damit die \u201eWirtschaft l\u00e4uft an\u201c und die [&hellip;]<\/p>\n","protected":false},"author":3,"featured_media":0,"parent":0,"menu_order":0,"comment_status":"closed","ping_status":"closed","template":"","meta":{"footnotes":""},"class_list":["post-9697","page","type-page","status-publish","hentry"],"jetpack_sharing_enabled":true,"_links":{"self":[{"href":"https:\/\/www.overline-design.de\/poetry\/index.php?rest_route=\/wp\/v2\/pages\/9697","targetHints":{"allow":["GET"]}}],"collection":[{"href":"https:\/\/www.overline-design.de\/poetry\/index.php?rest_route=\/wp\/v2\/pages"}],"about":[{"href":"https:\/\/www.overline-design.de\/poetry\/index.php?rest_route=\/wp\/v2\/types\/page"}],"author":[{"embeddable":true,"href":"https:\/\/www.overline-design.de\/poetry\/index.php?rest_route=\/wp\/v2\/users\/3"}],"replies":[{"embeddable":true,"href":"https:\/\/www.overline-design.de\/poetry\/index.php?rest_route=%2Fwp%2Fv2%2Fcomments&post=9697"}],"version-history":[{"count":4,"href":"https:\/\/www.overline-design.de\/poetry\/index.php?rest_route=\/wp\/v2\/pages\/9697\/revisions"}],"predecessor-version":[{"id":9705,"href":"https:\/\/www.overline-design.de\/poetry\/index.php?rest_route=\/wp\/v2\/pages\/9697\/revisions\/9705"}],"wp:attachment":[{"href":"https:\/\/www.overline-design.de\/poetry\/index.php?rest_route=%2Fwp%2Fv2%2Fmedia&parent=9697"}],"curies":[{"name":"wp","href":"https:\/\/api.w.org\/{rel}","templated":true}]}}