
{"id":9725,"date":"2025-01-10T00:01:00","date_gmt":"2025-01-10T00:01:00","guid":{"rendered":"https:\/\/www.overline-design.de\/poetry\/?page_id=9725"},"modified":"2025-01-09T16:29:21","modified_gmt":"2025-01-09T16:29:21","slug":"trump-will-kanada-und-groenland-kaufen-werden-staaten-bald-an-der-boerse-gehandelt","status":"publish","type":"page","link":"https:\/\/www.overline-design.de\/poetry\/?page_id=9725","title":{"rendered":"Donald Trump will Kanada und Gr\u00f6nland kaufen! &#8211; Werden Staaten bald an der B\u00f6rse gehandelt?"},"content":{"rendered":"\n<p>Ginge es nach <strong>Trump<\/strong>, k\u00f6nnte auch mit Staaten gehandelt werden,<br>dann k\u00f6nnten er ganz nach Belieben dann einkaufen fremde Erden.<br>Wie ein kleines Kind, er nach Spielzeug in Form von L\u00e4ndern greift,<br>wenn in ihm die \u201eGier\u201c, nach begehrten fremden L\u00e4ndern dann reift.<br><br><strong>Putin<\/strong> und <strong>Trump<\/strong> beweisen von ihrem Ego durchaus eine \u00c4hnlichkeit<br>und beide sind f\u00fcr ihre Machtbefriedigung zu Menschenopfern bereit.<br>Von <strong>Donald Trump<\/strong> die Autokraten wie <strong>Kim Jong<\/strong> und <strong>Putin<\/strong>  verehrt,<br>denn auch von <strong>Donald<\/strong> <strong>Trump<\/strong> eine &#8222;autokratische F\u00fchrung&#8220; begehrt.<br><br><strong>Trump<\/strong> sein Angebot an den Staat D\u00e4nemark, Gr\u00f6nland zu \u201ekassieren\u201c<br>und er ist v\u00f6llig verst\u00f6rt, dass sie sein Kaufangebot nicht akzeptieren.<br><strong>Trump<\/strong> den &#8222;Wunsch&#8220; mit Androhung von Waffengewalt unterstreicht.<br>Diese irren Egomanen glauben, dass man mit Geld kann alles erreicht.<br><br>Sie sind nicht beim Spiel, wo mit Geld kann beliebig Land bekommen<br>und mit Geldzahlung wird f\u00fcr Straftaten nicht in Haftung genommen.<br>Es w\u00fcrde nicht wundern, wenn <strong>Trump<\/strong> Gr\u00f6nland mit Gewalt annektiert.<br>Aus Egomanie und Machtgier deswegen auch Krieg in Europa riskiert.<br><br>Auch Kanada steht auf <strong>Trumps<\/strong> Plan, Amerika in Fl\u00e4che zu erweitern,<br>aber den kanadischen B\u00fcrgern scheint diese Idee nicht zu erheitern.<br><strong>Trump<\/strong> will Kanada als amerikanischen Bundesstaat hinzu gewinnen,<br>sonst die guten Handelsbeziehungen an den Einfuhrz\u00f6llen zerrinnen.<br><br>So <strong>Trumps<\/strong> Plan, binnen 24 Stunden der Ukraine Frieden zu bringen.<br>Vielleicht mit Kauf der Ukraine von<strong> Putin<\/strong> den Frieden zu erzwingen.<br>Aber es sollte dem Egomanen <strong>Donald Trump<\/strong> doch jemand erz\u00e4hlt,<br>man keinen &#8222;Freifahrtschein&#8220; bekommt, wenn vom B\u00fcrger gew\u00e4hlt.<br><br>Als Pr\u00e4sident er die Verantwortung bekommt, Amerika zu verwalten.<br>Nicht mit &#8222;wilden Landank\u00e4ufen&#8220; Amerika wieder gr\u00f6\u00dfer zu gestalten.<br><strong>Trump<\/strong>, <strong>Kim Jong<\/strong>, <strong>Putin<\/strong> und weitere Autokraten schie\u00dfen zum Mond,<br>um Frieden zu bekommen, dieser Raketenabschuss sich dann lohnt!<br><br><strong>\u00a9 Rainer Dambroth &#8211; 10.01.2025 &#8211; <a href=\"http:\/\/www.overline-poetry.de\/\">www.overline-poetry.de<\/a><\/strong><\/p>\n","protected":false},"excerpt":{"rendered":"<p>Ginge es nach Trump, k\u00f6nnte auch mit Staaten gehandelt werden,dann k\u00f6nnten er ganz nach Belieben dann einkaufen fremde Erden.Wie ein kleines Kind, er nach Spielzeug in Form von L\u00e4ndern greift,wenn in ihm die \u201eGier\u201c, nach begehrten fremden L\u00e4ndern dann reift. Putin und Trump beweisen von ihrem Ego durchaus eine \u00c4hnlichkeitund beide sind f\u00fcr ihre Machtbefriedigung [&hellip;]<\/p>\n","protected":false},"author":3,"featured_media":0,"parent":0,"menu_order":0,"comment_status":"closed","ping_status":"closed","template":"","meta":{"footnotes":""},"class_list":["post-9725","page","type-page","status-publish","hentry"],"jetpack_sharing_enabled":true,"_links":{"self":[{"href":"https:\/\/www.overline-design.de\/poetry\/index.php?rest_route=\/wp\/v2\/pages\/9725","targetHints":{"allow":["GET"]}}],"collection":[{"href":"https:\/\/www.overline-design.de\/poetry\/index.php?rest_route=\/wp\/v2\/pages"}],"about":[{"href":"https:\/\/www.overline-design.de\/poetry\/index.php?rest_route=\/wp\/v2\/types\/page"}],"author":[{"embeddable":true,"href":"https:\/\/www.overline-design.de\/poetry\/index.php?rest_route=\/wp\/v2\/users\/3"}],"replies":[{"embeddable":true,"href":"https:\/\/www.overline-design.de\/poetry\/index.php?rest_route=%2Fwp%2Fv2%2Fcomments&post=9725"}],"version-history":[{"count":6,"href":"https:\/\/www.overline-design.de\/poetry\/index.php?rest_route=\/wp\/v2\/pages\/9725\/revisions"}],"predecessor-version":[{"id":9773,"href":"https:\/\/www.overline-design.de\/poetry\/index.php?rest_route=\/wp\/v2\/pages\/9725\/revisions\/9773"}],"wp:attachment":[{"href":"https:\/\/www.overline-design.de\/poetry\/index.php?rest_route=%2Fwp%2Fv2%2Fmedia&parent=9725"}],"curies":[{"name":"wp","href":"https:\/\/api.w.org\/{rel}","templated":true}]}}