
{"id":9736,"date":"2025-01-12T00:02:00","date_gmt":"2025-01-12T00:02:00","guid":{"rendered":"https:\/\/www.overline-design.de\/poetry\/?page_id=9736"},"modified":"2025-01-09T15:17:44","modified_gmt":"2025-01-09T15:17:44","slug":"faellt-von-der-cdu-die-brandmauer-zur-afd","status":"publish","type":"page","link":"https:\/\/www.overline-design.de\/poetry\/?page_id=9736","title":{"rendered":"F\u00e4llt von der CDU die Brandmauer zur AFD oder fehlt sie schon?"},"content":{"rendered":"\n<p>Die &#8222;Scharfmacher&#8220; der <strong>CDU<\/strong> mit der <strong>AFD<\/strong> in die gleiche Kerbe hauen,<br>bei der plakativen N\u00e4he zu der <strong>AFD<\/strong> kann man der <strong>CDU<\/strong> noch trauen?<br>Die Brandmauer zur <strong>AFD<\/strong> wurde doch verbal schon \u201eniedergerissen\u201c,<br>verliert die <strong>CDU\/CSU<\/strong> dadurch ihr christliches und soziales Gewissen?<br><br>Die Doppelstaatlichkeit soll aberkannt und die B\u00fcrger abgeschoben,<br>denn auch \u201eDeutsche\u201c in Deutschland nicht mehr sicher aufgehoben.<br>Die <strong>CDU\/CSU<\/strong> strebt einen \u00dcberbietungswettbewerb mit der <strong>AFD<\/strong> an,<br>aber \u201eRechts-W\u00e4hler\u201c wollen, wenn, nur das <strong>AFD<\/strong>-Original kommt ran.<br><br>Die <strong>CDU<\/strong> \u00fcberholt schon die <strong>AFD<\/strong>, trotz Verbot, auf der rechten Spur,<br>sie macht sich durch diese rechtsradikalen Aussagen unw\u00e4hlbar nur.<br>Konservative W\u00e4hler werden durch diesen Populismus verschreckt,<br>weil man dadurch so die \u201ebraune Seite\u201c der <strong>CDU\/CSU<\/strong> hat entdeckt.<br><br>Zum Protest sollten die deutschen Ausl\u00e4nder die Arbeit niederlegen,<br>dann m\u00fcssten die \u201earisch Deutschen\u201c mehr Alte und Kranke pflegen.<br>Oder auch in der Gastronomie oder auch an dem Produktionsband,<br>gingen Betriebsabl\u00e4ufe dann nicht mehr so \u201eflie\u00dfend von der Hand&#8220;.<br><br>Auch in der Politik blieben dann einzelne Abgeordneten-St\u00fchle frei,<br>obwohl hier geboren, fehlt zu einer Berechtigung das \u201eArisch\u201c dabei.<br>Die demokratischen Parteien sollten eine rote Linie zur <strong>AFD<\/strong> ziehen<br>und weiter Menschen sch\u00fctzen, die vor dem Krieg mussten fliehen.<br><br>Die deutschen Ausl\u00e4nder zahlen auch f\u00fcr die Rente ein und Steuern.<br>Fehlen sie, k\u00f6nnen Leistungen nicht erf\u00fcllt oder sich dann verteuern.<br>Nur, weil die <strong>AFD<\/strong> Erfolge verbucht, da muss man sie nicht kopieren,<br>denn so, wie die Zuwanderung organisiert, konnte man nur verlieren.<br><br><strong>\u00a9<\/strong> Rainer Dambroth &#8211; 11.01.2025 &#8211; <strong><a href=\"http:\/\/www.overline-poetry.de\/\">www.overline-poetry.de<\/a><\/strong><br><br><strong><a href=\"https:\/\/www.overline-design.de\/poetry\/wp-admin\/post.php?post=7598&amp;action=edit\">Warum hast du solch einen Hass?<\/a><\/strong><br><strong><a href=\"https:\/\/www.overline-design.de\/poetry\/wp-admin\/post.php?post=8072&amp;action=edit\">Spaltet das Migrationsproblem die Politik<\/a><\/strong><br><strong><a href=\"https:\/\/www.overline-design.de\/poetry\/wp-admin\/post.php?post=8271&amp;action=edit\">Rechtsextreme planen \u201ev\u00f6lkische\u201c S\u00e4uberung<\/a><\/strong><\/p>\n","protected":false},"excerpt":{"rendered":"<p>Die &#8222;Scharfmacher&#8220; der CDU mit der AFD in die gleiche Kerbe hauen,bei der plakativen N\u00e4he zu der AFD kann man der CDU noch trauen?Die Brandmauer zur AFD wurde doch verbal schon \u201eniedergerissen\u201c,verliert die CDU\/CSU dadurch ihr christliches und soziales Gewissen? Die Doppelstaatlichkeit soll aberkannt und die B\u00fcrger abgeschoben,denn auch \u201eDeutsche\u201c in Deutschland nicht mehr sicher [&hellip;]<\/p>\n","protected":false},"author":3,"featured_media":0,"parent":0,"menu_order":0,"comment_status":"closed","ping_status":"closed","template":"","meta":{"footnotes":""},"class_list":["post-9736","page","type-page","status-publish","hentry"],"jetpack_sharing_enabled":true,"_links":{"self":[{"href":"https:\/\/www.overline-design.de\/poetry\/index.php?rest_route=\/wp\/v2\/pages\/9736","targetHints":{"allow":["GET"]}}],"collection":[{"href":"https:\/\/www.overline-design.de\/poetry\/index.php?rest_route=\/wp\/v2\/pages"}],"about":[{"href":"https:\/\/www.overline-design.de\/poetry\/index.php?rest_route=\/wp\/v2\/types\/page"}],"author":[{"embeddable":true,"href":"https:\/\/www.overline-design.de\/poetry\/index.php?rest_route=\/wp\/v2\/users\/3"}],"replies":[{"embeddable":true,"href":"https:\/\/www.overline-design.de\/poetry\/index.php?rest_route=%2Fwp%2Fv2%2Fcomments&post=9736"}],"version-history":[{"count":10,"href":"https:\/\/www.overline-design.de\/poetry\/index.php?rest_route=\/wp\/v2\/pages\/9736\/revisions"}],"predecessor-version":[{"id":9769,"href":"https:\/\/www.overline-design.de\/poetry\/index.php?rest_route=\/wp\/v2\/pages\/9736\/revisions\/9769"}],"wp:attachment":[{"href":"https:\/\/www.overline-design.de\/poetry\/index.php?rest_route=%2Fwp%2Fv2%2Fmedia&parent=9736"}],"curies":[{"name":"wp","href":"https:\/\/api.w.org\/{rel}","templated":true}]}}