
{"id":9774,"date":"2025-01-11T00:03:00","date_gmt":"2025-01-11T00:03:00","guid":{"rendered":"https:\/\/www.overline-design.de\/poetry\/?page_id=9774"},"modified":"2025-01-13T06:35:10","modified_gmt":"2025-01-13T06:35:10","slug":"alice-weidel-afd-kann-nicht-gewaehlt","status":"publish","type":"page","link":"https:\/\/www.overline-design.de\/poetry\/?page_id=9774","title":{"rendered":"Alice Weidel, AFD, nicht w\u00e4hlbar"},"content":{"rendered":"\n<p><strong>Alice Weidel<\/strong>, Frontfrau der <strong>AFD<\/strong>, kann f\u00fcr Deutschland nicht gew\u00e4hlt,<br>weil als \u201eLebensmittelpunkt\u201c der Hauptwohnort in Deutschland fehlt.<br>Allein eine &#8222;Deckadresse&#8220; als Wohnsitz in Deutschland ist nicht genug:<br><strong>In Deutschland regieren und im Ausland wohnen, nenne ich Betrug!<\/strong><br><br>Hat <strong>Alice Weidel<\/strong>, aufgrund ihrer Beziehung, Angst vor Repressionen?<br>Um vor \u00dcbergriffen sich zu sch\u00fctzen, im \u201esicheren Ausland&#8220; wohnen.<br>Hier zeigt sich von den Regierenden der <strong>AFD<\/strong> die \u201eDoppelz\u00fcngigkeit\u201c.<br>Selbst Wein trinken, aber f\u00fcr das &#8222;deutsche Volk&#8220; h\u00e4lt Wasser bereit.<br><br>Wenn Deutschland durch die <strong>AFD<\/strong> wird \u201enationaldeutsch\u201c aufgestellt,<br>aber die Regierende wohnt in der Schweiz, dieses dann nicht gef\u00e4llt.<br>Die Partnerin von Weidel ist Ausl\u00e4nderin, da will sie nichts riskieren,<br>denn bei der v\u00f6lkischen Auswahl der <strong>AFD<\/strong>, w\u00fcrde sie dann verlieren.<br><br><strong>Elon Musk<\/strong>, als Ausl\u00e4nder, die <strong>AFD<\/strong> als die Regierungspartei forciert,<br>nur was geht <strong>Elon Musk<\/strong> es an, wer in Deutschland das Land regiert?<br>Es reicht, wenn von dem Despoten <strong>Putin<\/strong>, wird politisch angegriffen,<br>nun auch von Amerika, da sollte <strong>Elon Musk<\/strong> doch \u201ezur\u00fcckgepfiffen\u201c.<br><br>Es sei denn, <strong>Elon Musk<\/strong> verfolgt, wie Russland, ein politisches Ziel<br>und man setzt auf dem Brett die <strong>AFD<\/strong>-Figuren, wie bei einem Spiel.<br>Deutschland wird durch eine <strong>AFD<\/strong>-Regierung f\u00fcr Amerika steuerbar,<br>denn <strong>Trump<\/strong> lehnt ab, wenn Energieversorgung wird \u201eErneuerbar\u201c.<br><br><strong>Donald Trump<\/strong> und <strong>Elon Musk<\/strong> zeigen, das mit Geld die Welt regiert<br>und auch die Meinungsfreiheit wird mit gekauften Medien reduziert.<br>\u201eAmerica First\u201c als Vorbedingung f\u00fcr den Welthandel voraus gesetzt,<br>aber ob <strong>Donald Trump<\/strong> die politische Macht dabei nicht \u00fcbersch\u00e4tzt?<br><br>\u00a9 Rainer Dambroth &#8211; 10.01.2025 &#8211; <strong><a href=\"http:\/\/www.overline-poetry.de\/\">www.overline-poetry.de<\/a><\/strong><\/p>\n\n\n\n<p><strong><a href=\"https:\/\/www.overline-design.de\/poetry\/wp-admin\/post.php?post=8271&amp;action=edit\">Rechtsextreme planen \u201ev\u00f6lkische\u201c S\u00e4uberung<\/a><\/strong><br><strong><a href=\"https:\/\/www.overline-design.de\/poetry\/wp-admin\/post.php?post=9125&amp;action=edit\">AfD-W\u00e4hler, sagt sp\u00e4ter nicht: \u201eDieses hat man so doch nicht vorhersehen k\u00f6nnen\u201c!<\/a><\/strong><\/p>\n","protected":false},"excerpt":{"rendered":"<p>Alice Weidel, Frontfrau der AFD, kann f\u00fcr Deutschland nicht gew\u00e4hlt,weil als \u201eLebensmittelpunkt\u201c der Hauptwohnort in Deutschland fehlt.Allein eine &#8222;Deckadresse&#8220; als Wohnsitz in Deutschland ist nicht genug:In Deutschland regieren und im Ausland wohnen, nenne ich Betrug! Hat Alice Weidel, aufgrund ihrer Beziehung, Angst vor Repressionen?Um vor \u00dcbergriffen sich zu sch\u00fctzen, im \u201esicheren Ausland&#8220; wohnen.Hier zeigt sich [&hellip;]<\/p>\n","protected":false},"author":3,"featured_media":0,"parent":0,"menu_order":0,"comment_status":"closed","ping_status":"closed","template":"","meta":{"footnotes":""},"class_list":["post-9774","page","type-page","status-publish","hentry"],"jetpack_sharing_enabled":true,"_links":{"self":[{"href":"https:\/\/www.overline-design.de\/poetry\/index.php?rest_route=\/wp\/v2\/pages\/9774","targetHints":{"allow":["GET"]}}],"collection":[{"href":"https:\/\/www.overline-design.de\/poetry\/index.php?rest_route=\/wp\/v2\/pages"}],"about":[{"href":"https:\/\/www.overline-design.de\/poetry\/index.php?rest_route=\/wp\/v2\/types\/page"}],"author":[{"embeddable":true,"href":"https:\/\/www.overline-design.de\/poetry\/index.php?rest_route=\/wp\/v2\/users\/3"}],"replies":[{"embeddable":true,"href":"https:\/\/www.overline-design.de\/poetry\/index.php?rest_route=%2Fwp%2Fv2%2Fcomments&post=9774"}],"version-history":[{"count":15,"href":"https:\/\/www.overline-design.de\/poetry\/index.php?rest_route=\/wp\/v2\/pages\/9774\/revisions"}],"predecessor-version":[{"id":9808,"href":"https:\/\/www.overline-design.de\/poetry\/index.php?rest_route=\/wp\/v2\/pages\/9774\/revisions\/9808"}],"wp:attachment":[{"href":"https:\/\/www.overline-design.de\/poetry\/index.php?rest_route=%2Fwp%2Fv2%2Fmedia&parent=9774"}],"curies":[{"name":"wp","href":"https:\/\/api.w.org\/{rel}","templated":true}]}}