
{"id":980,"date":"2020-11-11T18:28:27","date_gmt":"2020-11-11T18:28:27","guid":{"rendered":"https:\/\/overline-design.de\/poetry\/?page_id=980"},"modified":"2021-02-15T10:47:17","modified_gmt":"2021-02-15T10:47:17","slug":"die-wahre-ware","status":"publish","type":"page","link":"https:\/\/www.overline-design.de\/poetry\/?page_id=980","title":{"rendered":"Die wahre Ware"},"content":{"rendered":"\n<p>War die Ware fr\u00fcher noch das Wahre,<br>ist heute vieles unwahr an der Ware.<br>Gentechnik war und ist nicht das Wahre<br>und hat nichts zu suchen in der Ware.<br>Beim Inhalt der Ware wird man belogen,<br>mit dem wahren Inhalt wird betrogen.<br>Fr\u00fcher wurde die Ware noch genossen,<br>heute macht die Wahrheit nur verdrossen.<br>Mit der Wahrheit, da wird man gerissen,<br>f\u00fcr den wahren Gewinn, wird &#8222;beschissen&#8220;.<br>Wer Unwahres sagt, der h\u00e4tte kurze Beine,<br>mancher Warenproduzent h\u00e4tte erst keine.<br>Das war es mit der Wahrheit bei der Ware,<br>dass ist das, was ich als Wahrheit offenbare.<br>Die wahre Ware soll man nicht entdecken,<br>man will nicht mit der Wahrheit erschrecken.<br><br>\u00a9 Rainer Dambroth &#8211; 01.02.2015 &#8211;<strong><a href=\"https:\/\/www.overline-poetry.de\">www.overline-poetry.de<\/a><\/strong> <br><\/p>\n","protected":false},"excerpt":{"rendered":"<p>War die Ware fr\u00fcher noch das Wahre,ist heute vieles unwahr an der Ware.Gentechnik war und ist nicht das Wahreund hat nichts zu suchen in der Ware.Beim Inhalt der Ware wird man belogen,mit dem wahren Inhalt wird betrogen.Fr\u00fcher wurde die Ware noch genossen,heute macht die Wahrheit nur verdrossen.Mit der Wahrheit, da wird man gerissen,f\u00fcr den wahren [&hellip;]<\/p>\n","protected":false},"author":3,"featured_media":0,"parent":0,"menu_order":0,"comment_status":"closed","ping_status":"closed","template":"","meta":{"footnotes":""},"class_list":["post-980","page","type-page","status-publish","hentry"],"jetpack_sharing_enabled":true,"_links":{"self":[{"href":"https:\/\/www.overline-design.de\/poetry\/index.php?rest_route=\/wp\/v2\/pages\/980","targetHints":{"allow":["GET"]}}],"collection":[{"href":"https:\/\/www.overline-design.de\/poetry\/index.php?rest_route=\/wp\/v2\/pages"}],"about":[{"href":"https:\/\/www.overline-design.de\/poetry\/index.php?rest_route=\/wp\/v2\/types\/page"}],"author":[{"embeddable":true,"href":"https:\/\/www.overline-design.de\/poetry\/index.php?rest_route=\/wp\/v2\/users\/3"}],"replies":[{"embeddable":true,"href":"https:\/\/www.overline-design.de\/poetry\/index.php?rest_route=%2Fwp%2Fv2%2Fcomments&post=980"}],"version-history":[{"count":6,"href":"https:\/\/www.overline-design.de\/poetry\/index.php?rest_route=\/wp\/v2\/pages\/980\/revisions"}],"predecessor-version":[{"id":2787,"href":"https:\/\/www.overline-design.de\/poetry\/index.php?rest_route=\/wp\/v2\/pages\/980\/revisions\/2787"}],"wp:attachment":[{"href":"https:\/\/www.overline-design.de\/poetry\/index.php?rest_route=%2Fwp%2Fv2%2Fmedia&parent=980"}],"curies":[{"name":"wp","href":"https:\/\/api.w.org\/{rel}","templated":true}]}}