
{"id":9842,"date":"2025-01-25T16:40:35","date_gmt":"2025-01-25T16:40:35","guid":{"rendered":"https:\/\/www.overline-design.de\/poetry\/?page_id=9842"},"modified":"2025-01-27T08:36:17","modified_gmt":"2025-01-27T08:36:17","slug":"alleingang-von-friedrich-merz-cdu-kompliziertes-abstimmungsverhalten-wegen-der-brandmauer-zur-afd","status":"publish","type":"page","link":"https:\/\/www.overline-design.de\/poetry\/?page_id=9842","title":{"rendered":"Alleingang von Friedrich Merz, CDU? Kompliziertes Abstimmungsverhalten wegen der Brandmauer zur AFD!"},"content":{"rendered":"\n<p>Wie soll mit einem <strong>AFD<\/strong>-Pro-Votum bei Abstimmungen umgegangen,<br>denn man ist doch durch die \u201eBrandmauer zur <strong>AFD<\/strong>\u201c sehr befangen?<br>Wird bei einer Abstimmung, seitens der <strong>AFD<\/strong>, mit einem \u201ePro\u201c votiert,<br>man dadurch einen Abriss oder Durchbruch der Brandmauer riskiert?<br><br>Wenn seitens der <strong>AFD<\/strong> ein Antrag zur Abstimmung wird eingebracht,<br>dann kann nicht daf\u00fcr votiert, auch wenn der Antrag Sinn gemacht.<br>Das \u201e<strong>AFD-Parteiprogramm<\/strong>\u201c basiert auf Deportation aller Migranten,<br>aber die anderen Parteien dr\u00e4ngen auf Abschiebung der \u201eBrisanten\u201c.<br><br>Deutschland ist ein Zuwanderungsland, um die Aufgaben zu erf\u00fcllen,<br>&#8222;extrem Nationalismus&#8220;, wie bei der <strong>AFD<\/strong>, sollten wir nicht enth\u00fcllen.<br>Die unkontrollierbare Massenzuwanderung, die sollte aufgehoben,<br>wer nicht nach Deutschland kommt, der braucht nicht abgeschoben.<br><br>Wenn man der <strong>AFD<\/strong> den kleinen Finger als ein Zugest\u00e4ndnis reicht,<br>wird damit die Abgrenzung zur rechtsextremen Partei aufgeweicht.<br>Durch Abschiebungen im Alleingang, wird Europa in Frage gestellt,<br>denn die <strong>AFD<\/strong> sieht sich national, aber das den Parteien nicht gef\u00e4llt<br><br>Die <strong>AFD<\/strong> will eine &#8222;v\u00f6lkische S\u00e4uberung&#8220; f\u00fcr Deutschland erreichen<br>und alles, was nicht arisch deutsch, den Aufenthaltstitel &#8222;streichen&#8220;.<br>Bei diesem Interessenkonflikt, da sollte doch genauer hin geschaut,<br>sonst erleben wir die &#8222;Vogelschissgeschichte\u201c, wo vor einem graut.<br><br><strong>\u00a9 Rainer Dambroth &#8211; 25.01.2025 &#8211; <a href=\"http:\/\/www.overline-poetry.de\/\"><strong>www.overline-poetry.de<\/strong><\/a><\/strong><br><br><em><strong>Gauland: Hitler nur &#8222;Vogelschiss&#8220; in deutscher Geschichte<\/strong><br>02.06.2018 \u2014 Der AfD-Fraktionsvorsitzende Alexander Gauland verharmlost in einer Rede die Herrschaft der Nationalsozialisten. Nicht nur CDU-Generalsekret\u00e4rin\u00a0&#8230;<br><strong>FAZ<\/strong><\/em><br><br><strong><em>Man darf nicht warten, bis aus dem Schneeball eine Lawine geworden ist. Man muss den rollenden Schneeball zertreten. Die Lawine h\u00e4lt keiner mehr auf. Sie ruht erst, wenn sie alles unter sich begraben hat.<br>Erich K\u00e4stner<\/em><\/strong><br><br><strong><a href=\"https:\/\/www.overline-design.de\/poetry\/wp-admin\/post.php?post=3737&amp;action=edit\">Die Partei der Stimmenf\u00e4nger<\/a><\/strong><br><strong><a href=\"https:\/\/www.overline-design.de\/poetry\/wp-admin\/post.php?post=8271&amp;action=edit\">Rechtsextreme planen \u201ev\u00f6lkische\u201c S\u00e4uberung<\/a><\/strong><br><strong><a href=\"https:\/\/www.overline-design.de\/poetry\/wp-admin\/post.php?post=9125&amp;action=edit\">AfD-W\u00e4hler, sagt sp\u00e4ter nicht: \u201eDieses hat man so doch nicht vorhersehen k\u00f6nnen\u201c!<\/a><\/strong><\/p>\n","protected":false},"excerpt":{"rendered":"<p>Wie soll mit einem AFD-Pro-Votum bei Abstimmungen umgegangen,denn man ist doch durch die \u201eBrandmauer zur AFD\u201c sehr befangen?Wird bei einer Abstimmung, seitens der AFD, mit einem \u201ePro\u201c votiert,man dadurch einen Abriss oder Durchbruch der Brandmauer riskiert? Wenn seitens der AFD ein Antrag zur Abstimmung wird eingebracht,dann kann nicht daf\u00fcr votiert, auch wenn der Antrag Sinn [&hellip;]<\/p>\n","protected":false},"author":3,"featured_media":0,"parent":0,"menu_order":0,"comment_status":"closed","ping_status":"closed","template":"","meta":{"footnotes":""},"class_list":["post-9842","page","type-page","status-publish","hentry"],"jetpack_sharing_enabled":true,"_links":{"self":[{"href":"https:\/\/www.overline-design.de\/poetry\/index.php?rest_route=\/wp\/v2\/pages\/9842","targetHints":{"allow":["GET"]}}],"collection":[{"href":"https:\/\/www.overline-design.de\/poetry\/index.php?rest_route=\/wp\/v2\/pages"}],"about":[{"href":"https:\/\/www.overline-design.de\/poetry\/index.php?rest_route=\/wp\/v2\/types\/page"}],"author":[{"embeddable":true,"href":"https:\/\/www.overline-design.de\/poetry\/index.php?rest_route=\/wp\/v2\/users\/3"}],"replies":[{"embeddable":true,"href":"https:\/\/www.overline-design.de\/poetry\/index.php?rest_route=%2Fwp%2Fv2%2Fcomments&post=9842"}],"version-history":[{"count":7,"href":"https:\/\/www.overline-design.de\/poetry\/index.php?rest_route=\/wp\/v2\/pages\/9842\/revisions"}],"predecessor-version":[{"id":9861,"href":"https:\/\/www.overline-design.de\/poetry\/index.php?rest_route=\/wp\/v2\/pages\/9842\/revisions\/9861"}],"wp:attachment":[{"href":"https:\/\/www.overline-design.de\/poetry\/index.php?rest_route=%2Fwp%2Fv2%2Fmedia&parent=9842"}],"curies":[{"name":"wp","href":"https:\/\/api.w.org\/{rel}","templated":true}]}}