
{"id":9863,"date":"2025-02-02T00:05:00","date_gmt":"2025-02-02T00:05:00","guid":{"rendered":"https:\/\/www.overline-design.de\/poetry\/?page_id=9863"},"modified":"2025-02-02T11:10:26","modified_gmt":"2025-02-02T11:10:26","slug":"donald-trump-und-superreiche-gegen-den-rest-der-welt","status":"publish","type":"page","link":"https:\/\/www.overline-design.de\/poetry\/?page_id=9863","title":{"rendered":"Donald Trump und Superreiche gegen den Rest der Welt"},"content":{"rendered":"\n<p>Bei der Antrittsrede, die <strong>Trump<\/strong> so leidend gehalten, ohne Charm&#8216;,<br>mit zeitweise gequ\u00e4ltem Gesicht, als h\u00e4tte er zu viel \u201eLuft im Darm\u201c.<br>Beifallheischend von <strong>Trump<\/strong> st\u00e4ndig sein Blick in die Runde kreist,<br>als von \u201eGott dazu auserw\u00e4hlt&#8220;, er seine Regierungsmacht anpreist.<br><br>Die Regierungszeit von Altpr\u00e4sident Joe Biden abwertend kritisiert,<br>der Altpr\u00e4siden Biden sa\u00df neben <strong>Trump<\/strong> und schien nicht am\u00fcsiert.<br><strong>Donald Trump<\/strong> als der Retter von Amerika und als &#8222;Nabel der Welt&#8220;,<br>er wird &#8222;ohne R\u00fccksicht auf Verluste&#8220; regieren, so wie es ihn gef\u00e4llt.<br><br><strong>Donald Trump<\/strong>, als neuer Pr\u00e4sident sofort \u201edie gro\u00dfe Lippe riskiert\u201c,<br>beginnt er seine &#8222;Hetzjagd&#8220; auf illegale Migranten ganz ungeniert.<br>Migranten werden ausnahmslos von <strong>Trump<\/strong> als kriminell dargestellt,<br>mit Hoffnung, das diese Hetze den <strong>Trump<\/strong> Anh\u00e4ngern sehr gef\u00e4llt.<br><br><strong>Melania Trump<\/strong> mit breitkrempigen Hut, war nicht sofort erkennbar,<br>so hielt sie den Pr\u00e4sidenten auf Abstand, das wurde \u201esichtlich\u201c klar.<br>Wenn <strong>Donald Trump<\/strong> war bem\u00fcht, der Melania einen Kuss zu geben,<br>konnte man die verzweifelten M\u00fchen am Abstandhalter Hut erleben.<br><br>Wenn von Anwesenden Passagen mit \u201eStanding Ovation\u201c bedacht,<br>mit Grauen daran gedacht, was <strong>Donald Trump<\/strong> mit Amerika macht.<br><strong>Donald Trump<\/strong> handelt ohne ein jegliches diplomatisches Geschick,<br>sondern wie ein Teppichh\u00e4ndler im Basar, gestaltet er seine Politik.<br><br>Noch am Abend, wurden viele Dekrete von <strong>Trump<\/strong> unterschrieben,<br>so wie vorher von ihm angek\u00fcndigt und seine Anh\u00e4nger es lieben.<br>Wie der Zauberlehrling von Goethe, mit dem Hexenbesen am fegen,<br>wird sich <strong>Trump<\/strong> und die Finanzelite, mit dem Rest der Welt anlegen.<br><br>Die W\u00e4hler haben <strong>Donald Trump<\/strong> die &#8222;unbegrenzte Macht&#8220; gegeben,<br>nun werden Amerikaner die grenzenlosen Unm\u00f6glichkeiten erleben.<br>Es werden f\u00fcr Amerika neue Regeln, auch neue Grenzen, geschaffen,<br>wenn der Hexenbesen <strong>Trump<\/strong> fegt, werden viele nicht ruhig schlafen.<br><br>L\u00e4nder, die auf Exporte nach Amerika angewiesen, so stellt man fest,<br>werden mit sehr hohen Einfuhrz\u00f6llen von <strong>Trump<\/strong> regelrecht erpresst.<br><strong>Trump<\/strong> droht, wenn nicht einsichtig, w\u00fcrde Amerika weniger kaufen.<br>Man kann nur hoffen, das Situationen nicht \u201eaus dem Ruder laufen\u201c.<br><br>Die \u201eCapitolst\u00fcrmer\u201c wurden von <strong>Trump<\/strong> ausnahmslos amnestiert,<br>sie h\u00e4tten reagiert, weil doch ihr Pr\u00e4sident, <strong>Donald<\/strong> <strong>Trump<\/strong>, verliert.<br>Dieses ist durchaus mit einer beginnenden Anarchie zu vergleichen,<br>denn bei diesem \u00dcberfall, durch Hetze von <strong>Trump<\/strong>, gab es Leichen.<br><br><strong>\u00a9 Rainer Dambroth &#8211; 02.02.2025 &#8211; <a href=\"http:\/\/www.overline-poetry.de\/\">www.overline-poetry.de<\/a><\/strong><br><\/p>\n","protected":false},"excerpt":{"rendered":"<p>Bei der Antrittsrede, die Trump so leidend gehalten, ohne Charm&#8216;,mit zeitweise gequ\u00e4ltem Gesicht, als h\u00e4tte er zu viel \u201eLuft im Darm\u201c.Beifallheischend von Trump st\u00e4ndig sein Blick in die Runde kreist,als von \u201eGott dazu auserw\u00e4hlt&#8220;, er seine Regierungsmacht anpreist. Die Regierungszeit von Altpr\u00e4sident Joe Biden abwertend kritisiert,der Altpr\u00e4siden Biden sa\u00df neben Trump und schien nicht am\u00fcsiert.Donald [&hellip;]<\/p>\n","protected":false},"author":3,"featured_media":0,"parent":0,"menu_order":0,"comment_status":"closed","ping_status":"closed","template":"","meta":{"footnotes":""},"class_list":["post-9863","page","type-page","status-publish","hentry"],"jetpack_sharing_enabled":true,"_links":{"self":[{"href":"https:\/\/www.overline-design.de\/poetry\/index.php?rest_route=\/wp\/v2\/pages\/9863","targetHints":{"allow":["GET"]}}],"collection":[{"href":"https:\/\/www.overline-design.de\/poetry\/index.php?rest_route=\/wp\/v2\/pages"}],"about":[{"href":"https:\/\/www.overline-design.de\/poetry\/index.php?rest_route=\/wp\/v2\/types\/page"}],"author":[{"embeddable":true,"href":"https:\/\/www.overline-design.de\/poetry\/index.php?rest_route=\/wp\/v2\/users\/3"}],"replies":[{"embeddable":true,"href":"https:\/\/www.overline-design.de\/poetry\/index.php?rest_route=%2Fwp%2Fv2%2Fcomments&post=9863"}],"version-history":[{"count":8,"href":"https:\/\/www.overline-design.de\/poetry\/index.php?rest_route=\/wp\/v2\/pages\/9863\/revisions"}],"predecessor-version":[{"id":9900,"href":"https:\/\/www.overline-design.de\/poetry\/index.php?rest_route=\/wp\/v2\/pages\/9863\/revisions\/9900"}],"wp:attachment":[{"href":"https:\/\/www.overline-design.de\/poetry\/index.php?rest_route=%2Fwp%2Fv2%2Fmedia&parent=9863"}],"curies":[{"name":"wp","href":"https:\/\/api.w.org\/{rel}","templated":true}]}}