
{"id":9872,"date":"2025-02-01T00:03:00","date_gmt":"2025-02-01T00:03:00","guid":{"rendered":"https:\/\/www.overline-design.de\/poetry\/?page_id=9872"},"modified":"2025-01-31T18:08:01","modified_gmt":"2025-01-31T18:08:01","slug":"fischer-fritze-merz-fischt-am-rechten-rand-was-soll-das","status":"publish","type":"page","link":"https:\/\/www.overline-design.de\/poetry\/?page_id=9872","title":{"rendered":"Fischer Fritze Merz fischt am rechten Rand \u2013 was soll das?"},"content":{"rendered":"\n<p>Der Fischer Fritze Merz, von der <strong>CDU<\/strong>, der fischt am rechten Rand,<br>der Gewinner dabei, das ist die <strong>AFD<\/strong>, die ist au\u00dfer \u201eRand und Band\u201c.<br>Womit haben demokratisch agierende Abgeordnete es nur verdient,<br>das durch diese Aktion, werden jetzt von der <strong>AFD<\/strong> bl\u00f6de angegrient.<br><br>Fischer Fritze Merz, von der <strong>CDU<\/strong>, fischt im &#8222;verbotenen Gew\u00e4sser&#8220;,<br>hofft auf rechte Stimmen, so dass bei der Abstimmung l\u00e4uft besser?<br>Vielleicht strebt der Fischer Fritze Merz an, mit der <strong>AFD<\/strong> zu koalieren,<br>die Richtung stimmt schon, wo sich die <strong>CDU<\/strong> wird jetzt positionieren.<br><br>Wenn die <strong>CDU<\/strong> aus Machtsucht sich den Rechtspopulisten anbiedert,<br>nach einer Macht\u00fcbernahme durch die <strong>AFD<\/strong> \u201egeteert und gefiedert\u201c.<br>Das Ergebnis dieser ersten Abstimmung wurde vorhersehbar bekannt,<br>denn diese Probleml\u00f6sung wurde von der <strong>AFD<\/strong> als dringend benannt<br><br>Jetzt f\u00fcr \u201eKindermorde\u201c alle Migranten kollektiv in Haftung nehmen,<br>so bedient man den \u201erechten Rand\u201c, daf\u00fcr sollten sie sich sch\u00e4men!<br>Entscheider und \u00c4mter m\u00fcssen schnell reagieren, bei Auff\u00e4lligkeiten<br>und ohne Zweifel schnell abschieben, Personen, die Sorgen bereiten.<br><br>Die Personen, die durch Gewalt und T\u00e4tlichkeiten werden bekannt,<br>rutschen in Akten nach oben und werden als ausreisewillig benannt.<br>Waffen aller Art, haben in \u00f6ffentlichen Bereichen nichts zu suchen!<br>F\u00fcr Personen, die in Waffenbesitz, sollte man den R\u00fcckflug buchen.<br><br>Die Prozessakten mit der Personenverletzung sollten zuerst gesehen.<br>denn bekannte Gef\u00e4hrder in Freiheit, so etwas darf nicht geschehen.<br>Der Familiennachzug, der sollte vorerst ausgesetzt oder verschoben,<br>wo Migranten nicht einreisen, ist der Nachzug nicht gut aufgehoben<br><br><strong>\u00a9 Rainer Dambroth &#8211; 31.01.2025 &#8211; <a href=\"http:\/\/www.overline-poetry.de\/\">www.overline-poetry.de<\/a><\/strong><br><br><strong><a href=\"https:\/\/www.overline-design.de\/poetry\/wp-admin\/post.php?post=9842&amp;action=edit\">Alleingang von Friedrich Merz, CDU? Kompliziertes Abstimmungsverhalten wegen der Brandmauer zur AFD!<\/a><\/strong><\/p>\n","protected":false},"excerpt":{"rendered":"<p>Der Fischer Fritze Merz, von der CDU, der fischt am rechten Rand,der Gewinner dabei, das ist die AFD, die ist au\u00dfer \u201eRand und Band\u201c.Womit haben demokratisch agierende Abgeordnete es nur verdient,das durch diese Aktion, werden jetzt von der AFD bl\u00f6de angegrient. Fischer Fritze Merz, von der CDU, fischt im &#8222;verbotenen Gew\u00e4sser&#8220;,hofft auf rechte Stimmen, so [&hellip;]<\/p>\n","protected":false},"author":3,"featured_media":0,"parent":0,"menu_order":0,"comment_status":"closed","ping_status":"closed","template":"","meta":{"footnotes":""},"class_list":["post-9872","page","type-page","status-publish","hentry"],"jetpack_sharing_enabled":true,"_links":{"self":[{"href":"https:\/\/www.overline-design.de\/poetry\/index.php?rest_route=\/wp\/v2\/pages\/9872","targetHints":{"allow":["GET"]}}],"collection":[{"href":"https:\/\/www.overline-design.de\/poetry\/index.php?rest_route=\/wp\/v2\/pages"}],"about":[{"href":"https:\/\/www.overline-design.de\/poetry\/index.php?rest_route=\/wp\/v2\/types\/page"}],"author":[{"embeddable":true,"href":"https:\/\/www.overline-design.de\/poetry\/index.php?rest_route=\/wp\/v2\/users\/3"}],"replies":[{"embeddable":true,"href":"https:\/\/www.overline-design.de\/poetry\/index.php?rest_route=%2Fwp%2Fv2%2Fcomments&post=9872"}],"version-history":[{"count":6,"href":"https:\/\/www.overline-design.de\/poetry\/index.php?rest_route=\/wp\/v2\/pages\/9872\/revisions"}],"predecessor-version":[{"id":9896,"href":"https:\/\/www.overline-design.de\/poetry\/index.php?rest_route=\/wp\/v2\/pages\/9872\/revisions\/9896"}],"wp:attachment":[{"href":"https:\/\/www.overline-design.de\/poetry\/index.php?rest_route=%2Fwp%2Fv2%2Fmedia&parent=9872"}],"curies":[{"name":"wp","href":"https:\/\/api.w.org\/{rel}","templated":true}]}}