
{"id":9907,"date":"2025-02-09T08:38:47","date_gmt":"2025-02-09T08:38:47","guid":{"rendered":"https:\/\/www.overline-design.de\/poetry\/?page_id=9907"},"modified":"2025-02-10T08:10:56","modified_gmt":"2025-02-10T08:10:56","slug":"donald-trump-als-dealmaker-eine-kraemerseele","status":"publish","type":"page","link":"https:\/\/www.overline-design.de\/poetry\/?page_id=9907","title":{"rendered":"Donald Trump als Dealmaker eine Kr\u00e4merseele"},"content":{"rendered":"\n<p><strong>Trump<\/strong> wird sorgen, das die Reichsten der Reichen reicher werden.<br>Als Amerikas Pr\u00e4sident, den Reichtum der Reichen nicht gef\u00e4hrden.<br>Die Staaten, die nicht gef\u00fcgig nach seinem Willen dann reagieren,<br>wird er mit erh\u00f6hten Zollabgaben bei der Einfuhr dann br\u00fcskieren.<br>So sich dadurch h\u00f6here Preise f\u00fcr die Endverbraucher dann ergeben.<br>Logik von <strong>Donald Trump<\/strong>: Hauptsache er kann weiterhin gut leben!<br><br><strong>Donald Trump<\/strong> wird f\u00fcr seine Pr\u00e4sidentschaft auch Gesetze brechen,<br>dieses wird sich an seine gutgl\u00e4ubige W\u00e4hlerschaft sehr bald r\u00e4chen.<br>Die W\u00e4hler hofften, das unter <strong>Trump<\/strong> sich alles zum Guten wendet,<br>aber sie werden erleben, dass so manches dann \u201eim Chaos\u201c endet.<br>Bei Regierungsfehlern, da wird man von <strong>Trump<\/strong> die Antwort kennen,<br>denn er wird nur die Anderen, als die wahren Schuldigen benennen.<br><br>In Detroit, im Grenzbereich zu Kanada, die Autoindustrie produziert,<br>werden Produktionsteile \u00fcber die Grenze hin und her transportiert.<br>Ein jedes Mal m\u00fcssen Einfuhrz\u00f6lle auf diese Produktionsteile gezahlt,<br>wird das das gro\u00dfe Amerika, womit <strong>Donald Trump<\/strong> zuvor so geprahlt.<br><strong>Trump<\/strong> hatte angek\u00fcndigt, behindernde Verwaltungen zu reduzieren,<br>damit nicht die Produktionen oder der freie Handel dabei verlieren.<br><br>Selbst die Milit\u00e4rhilfen f\u00fcr die Ukraine sieht <strong>Donald Trump<\/strong> als Deal.<br>Waffen gegen Rohstoffe, so ist f\u00fcr die <strong>Kr\u00e4merseele Trump<\/strong> das Ziel.<br>Sein Versprechen, den Krieg innerhalb von 24 Stunden zu beenden,<br>war hei\u00dfe Luft, denn so wird sich das Blatt mit <strong>Trump<\/strong> nicht wenden.<br>F\u00fcr den Frieden der Ukraine nennt die <strong>Kr\u00e4merseele Trump<\/strong> den Preis,<br>obwohl er noch nicht das Ergebnis der Friedensverhandlungen wei\u00df.<br><br>Den \u201ezerst\u00f6rten\u201c Gazastreifen, den hat <strong>Trump<\/strong> schon fest im Visier.<br>Den wird <strong>Trump<\/strong> bebauen, mit Golfplatz und einem Luxusquartier,<br>Der Gazastreifen, ein Wohnort f\u00fcr Reiche, wird aus Amerika regiert,<br>wenn \u201e<strong>Kr\u00e4merseelen<\/strong>\u201c ein Land besetzen, dann so etwas passiert.<br>Pal\u00e4stinenser m\u00fcssen eine neuen Wohnort f\u00fcr sich dann suchen,<br>denn <strong>Trump<\/strong>, als Immobilienmogul, will Gewinn f\u00fcr sich verbuchen.<br><br>\u00a9 Rainer Dambroth &#8211; 07.02.2025 &#8211; <strong><a href=\"http:\/\/www.overline-poetry.de\/\">www.overline-poetry.de<\/a><\/strong><br><br><strong>Kr\u00e4merseele<\/strong> = abwert. ein sehr kleinlich denkender, beschr\u00e4nkter Mensch.<br>Internet Pons<br><br>Es freut seine Seele, wenn er ein Schn\u00e4ppchen machen und g\u00fcnstig etwas einkaufen oder teuer verkaufen kann.<br>Heidmanns Z(w)eitgeist<\/p>\n","protected":false},"excerpt":{"rendered":"<p>Trump wird sorgen, das die Reichsten der Reichen reicher werden.Als Amerikas Pr\u00e4sident, den Reichtum der Reichen nicht gef\u00e4hrden.Die Staaten, die nicht gef\u00fcgig nach seinem Willen dann reagieren,wird er mit erh\u00f6hten Zollabgaben bei der Einfuhr dann br\u00fcskieren.So sich dadurch h\u00f6here Preise f\u00fcr die Endverbraucher dann ergeben.Logik von Donald Trump: Hauptsache er kann weiterhin gut leben! Donald [&hellip;]<\/p>\n","protected":false},"author":3,"featured_media":0,"parent":0,"menu_order":0,"comment_status":"closed","ping_status":"closed","template":"","meta":{"footnotes":""},"class_list":["post-9907","page","type-page","status-publish","hentry"],"jetpack_sharing_enabled":true,"_links":{"self":[{"href":"https:\/\/www.overline-design.de\/poetry\/index.php?rest_route=\/wp\/v2\/pages\/9907","targetHints":{"allow":["GET"]}}],"collection":[{"href":"https:\/\/www.overline-design.de\/poetry\/index.php?rest_route=\/wp\/v2\/pages"}],"about":[{"href":"https:\/\/www.overline-design.de\/poetry\/index.php?rest_route=\/wp\/v2\/types\/page"}],"author":[{"embeddable":true,"href":"https:\/\/www.overline-design.de\/poetry\/index.php?rest_route=\/wp\/v2\/users\/3"}],"replies":[{"embeddable":true,"href":"https:\/\/www.overline-design.de\/poetry\/index.php?rest_route=%2Fwp%2Fv2%2Fcomments&post=9907"}],"version-history":[{"count":7,"href":"https:\/\/www.overline-design.de\/poetry\/index.php?rest_route=\/wp\/v2\/pages\/9907\/revisions"}],"predecessor-version":[{"id":9918,"href":"https:\/\/www.overline-design.de\/poetry\/index.php?rest_route=\/wp\/v2\/pages\/9907\/revisions\/9918"}],"wp:attachment":[{"href":"https:\/\/www.overline-design.de\/poetry\/index.php?rest_route=%2Fwp%2Fv2%2Fmedia&parent=9907"}],"curies":[{"name":"wp","href":"https:\/\/api.w.org\/{rel}","templated":true}]}}