
{"id":9923,"date":"2025-02-16T00:01:00","date_gmt":"2025-02-16T00:01:00","guid":{"rendered":"https:\/\/www.overline-design.de\/poetry\/?page_id=9923"},"modified":"2025-02-15T17:26:13","modified_gmt":"2025-02-15T17:26:13","slug":"donald-trump-regiert-wie-ein-elefant-im-porzellanladen","status":"publish","type":"page","link":"https:\/\/www.overline-design.de\/poetry\/?page_id=9923","title":{"rendered":"Donald Trump regiert wie ein Elefant im Porzellanladen"},"content":{"rendered":"\n<p><strong>Donald Trump<\/strong> verf\u00fcgt \u00fcber keinerlei diplomatisches Geschick,<br>wie mit einer Brechstange gestaltet er seine internationale Politik.<br>Wie ein kleines Kind im J\u00e4hzorn, will er durchsetzen all seine Ziele<br>und er ist emp\u00f6rt, dass kein Staat mag dem Trump seine &#8222;Spiele\u201c.<br><br>D\u00e4nemark von <strong>Donald Trump<\/strong> mit \u00dcbernahme von Gr\u00f6nland droht,<br>macht er keinen Hehl vor m\u00f6glicher Gewalt und der Ton \u201everroht\u201c.<br>Den Panama-Kanal will Trump, als zu Amerika geh\u00f6rig, annektieren<br>und die \u201eDurchfahrtsberechtigung\u201c zum Vorteil Amerikas forcieren.<br><br>Amerika ist ein Kontinent und nicht nur das &#8222;<strong>Donald-Trump<\/strong>-Land&#8220;,<br>aber das <strong>Donald Trump<\/strong> zum Gr\u00f6\u00dfenwahn neigt, ist doch bekannt.<br>Gerne h\u00e4tte <strong>Trump<\/strong> Kanada als neuen Bundesstaat hinzugenommen,<br>Trudeau hat interveniert und somit ist es nicht zum Deal gekommen<br><br>V\u00f6lliges Unverst\u00e4ndnis, wenn man seinem Wunsch nicht entspricht,<br>einen &#8222;Pr\u00e4sidenten von Gottes Gnaden&#8220;, den entt\u00e4uscht man nicht.<br><strong>Donald Trump<\/strong> doch alle seine Auftritte medienwirksam inszeniert<br>und jeder bekommt zu sp\u00fcren, das ein <strong>Donald Trump<\/strong> nicht verliert.<br><br><strong>Donald Trump<\/strong> akzeptiert es nicht, wenn sein Handeln wird kritisiert<br>denn er wurde von &#8222;Gott auserw\u00e4hlt&#8220;, somit Kritik nicht interessiert.<br><strong>Trump<\/strong> gef\u00e4llt, denn er sieht sich selbst als der Messias vom Amerika,<br>denn ein \u201evon Gott auserw\u00e4hlter Pr\u00e4sident\u201c, der war noch nicht da.<br><br>Nach Amtsantritt <strong>Trump<\/strong> in der Kirche von der Bisch\u00f6fin angefleht,<br>f\u00fcr Milde im Umgang mit den Migranten, sei es doch nicht zu sp\u00e4t.<br>An seinem Gesichtsausdruck erkennen, das er innerlich \u201egekocht\u201c,<br><strong>Trump<\/strong> gab unverhohlen zu, das er die Bisch\u00f6fin hat nicht gemocht.<br><br><strong>Trump<\/strong> viel Porzellan bei seinem &#8222;autokratischen Regieren&#8220; zerbricht,<br>denn sein Handeln eher einem \u201eElefant im Porzellanladen\u201c entspricht.<br><strong>Donald Trump<\/strong> will die Verwaltung &#8222;schlanken&#8220; und umstrukturieren,<br>strategisch so verhindern, dass Reiche bei Kontrollen Geld verlieren?<br><br>Elon Musk wurde mit Reduzierung von Verwaltungsposten betraut,<br>er mit freier Hand er nach \u201ezu freigiebigen Ausgebern\u201c jetzt schaut.<br>Entwicklungshilfe f\u00fcr die Menschen, die in Not, in der &#8222;dritten Welt&#8220;,<br>f\u00fcr die gibt es zuk\u00fcnftig vom Herrscher <strong>Donald Trump<\/strong> wenig Geld.<br><br><strong>Donald Trump<\/strong> will &#8222;per Befehl&#8220; den Ukraine-Krieg zu Ende bringen,<br>dazu hat er mit Putin telefoniert und will um das Kriegsende &#8222;ringen&#8220;.<br>Warum Putin sich zu Verhandlungsgespr\u00e4chen einverstanden erkl\u00e4rt<br>und wo Putin seinen Vorteil sieht, der Aussenstehende nicht erf\u00e4hrt.<br><br><strong>\u00a9 Rainer Dambroth &#8211; 16.02.2025 &#8211; www.overline-poetry.de<\/strong><br><br><\/p>\n","protected":false},"excerpt":{"rendered":"<p>Donald Trump verf\u00fcgt \u00fcber keinerlei diplomatisches Geschick,wie mit einer Brechstange gestaltet er seine internationale Politik.Wie ein kleines Kind im J\u00e4hzorn, will er durchsetzen all seine Zieleund er ist emp\u00f6rt, dass kein Staat mag dem Trump seine &#8222;Spiele\u201c. D\u00e4nemark von Donald Trump mit \u00dcbernahme von Gr\u00f6nland droht,macht er keinen Hehl vor m\u00f6glicher Gewalt und der Ton [&hellip;]<\/p>\n","protected":false},"author":3,"featured_media":0,"parent":0,"menu_order":0,"comment_status":"closed","ping_status":"closed","template":"","meta":{"footnotes":""},"class_list":["post-9923","page","type-page","status-publish","hentry"],"jetpack_sharing_enabled":true,"_links":{"self":[{"href":"https:\/\/www.overline-design.de\/poetry\/index.php?rest_route=\/wp\/v2\/pages\/9923","targetHints":{"allow":["GET"]}}],"collection":[{"href":"https:\/\/www.overline-design.de\/poetry\/index.php?rest_route=\/wp\/v2\/pages"}],"about":[{"href":"https:\/\/www.overline-design.de\/poetry\/index.php?rest_route=\/wp\/v2\/types\/page"}],"author":[{"embeddable":true,"href":"https:\/\/www.overline-design.de\/poetry\/index.php?rest_route=\/wp\/v2\/users\/3"}],"replies":[{"embeddable":true,"href":"https:\/\/www.overline-design.de\/poetry\/index.php?rest_route=%2Fwp%2Fv2%2Fcomments&post=9923"}],"version-history":[{"count":17,"href":"https:\/\/www.overline-design.de\/poetry\/index.php?rest_route=\/wp\/v2\/pages\/9923\/revisions"}],"predecessor-version":[{"id":9947,"href":"https:\/\/www.overline-design.de\/poetry\/index.php?rest_route=\/wp\/v2\/pages\/9923\/revisions\/9947"}],"wp:attachment":[{"href":"https:\/\/www.overline-design.de\/poetry\/index.php?rest_route=%2Fwp%2Fv2%2Fmedia&parent=9923"}],"curies":[{"name":"wp","href":"https:\/\/api.w.org\/{rel}","templated":true}]}}