
{"id":9955,"date":"2025-02-19T00:02:00","date_gmt":"2025-02-19T00:02:00","guid":{"rendered":"https:\/\/www.overline-design.de\/poetry\/?page_id=9955"},"modified":"2025-02-19T05:22:44","modified_gmt":"2025-02-19T05:22:44","slug":"donald-trump-frieden-fuer-die-ukraine","status":"publish","type":"page","link":"https:\/\/www.overline-design.de\/poetry\/?page_id=9955","title":{"rendered":"Donald Trump &#8211; Frieden f\u00fcr die Ukraine?"},"content":{"rendered":"\n<p><strong>Trump<\/strong> fordert f\u00fcr die Verhandlungen von der Ukraine eine &#8222;Geb\u00fchr&#8220;,<br>denn er will wertvolle Rohstoffe von der Ukraine, als Provision daf\u00fcr.<br>Bei den Verhandlungen verfolgt <strong>Donald Trump<\/strong> nur seine Interessen<br>und will, das Europa wird die Friedensbedingungen kritiklos fressen.<br><br>Den Friedens-Deal macht <strong>Donald Trump<\/strong> nur in einer kleinen Runde.<br>Mit Russland und die Ukraine, als &#8222;die betroffene Dritte im Bunde\u201c.<br>Europa bleibt drau\u00dfen, wenn <strong>Trump<\/strong> mit Putin \u201eFrieden\u201c verhandelt,<br>obwohl die Ukraine, noch als freies Land, ist mit Europa verbandelt.<br><br>Europa soll sichern, zwischen der Ukraine und Russland, das Gebiet,<br>so dass den B\u00fcrgern der Ukraine nichts \u201eSchlimmes\u201c mehr geschieht.<br>Wenn <strong>Donald Trump<\/strong>, konnte als \u201eFriedensengel\u201c den Krieg beenden,<br>wird sich Amerika vom Kriegsgeschehen und von Europa abwenden.<br><br>Eine Nato Mitgliedsschaft bleibt f\u00fcr die Ukraine vorerst verschlossen,<br>denn es w\u00e4re eine Gew\u00e4hr f\u00fcr Sicherheit und ohne macht verdrossen.<br>Solange <strong>Trump<\/strong> Rohstoffe abbaut, soll Europa nichts mehr bewegen,<br>danach kann Despot Putin die Ukraine geografisch weiter \u201ezerlegen\u201c.<br><br>F\u00fcr <strong>Donald Trump<\/strong> die amerikanische Armee als Nato-S\u00f6ldnertruppe,<br>wenn nicht ausreichend gezahlt, dann ist der Frieden ihm &#8222;schnuppe&#8220;?<br>Anders als bei Joe Biden, \u201eerpresst\u201c der Donald Trump die Ukraine,<br>erwartet von Selensky, dass er zum &#8222;b\u00f6sen Spiel&#8220;, macht gute Miene.<br><br>Wenn der <strong>Donald Trump<\/strong> so ganz allein mit dem Despoten Putin tagt,<br>man sich als Europ\u00e4er nach den Gr\u00fcnden f\u00fcr geheime Treffen fragt.<br>Der Despot Putin hat Russland in eine Autokratie f\u00fcr sich umgebaut,<br>vielleicht <strong>Donald Trump<\/strong> sich Anregungen f\u00fcr <strong>sein Amerika<\/strong> anschaut?<br><br><strong>\u00a9 Rainer Dambroth &#8211; 17.02.2025 &#8211; www.overline-poetry.de<\/strong><br><br><strong><a href=\"https:\/\/www.overline-design.de\/poetry\/wp-admin\/post.php?post=9907&amp;action=edit\">Donald Trump als Dealmaker eine Kr\u00e4merseele<\/a><\/strong><br><strong><a href=\"https:\/\/www.overline-design.de\/poetry\/wp-admin\/post.php?post=9923&amp;action=edit\">Donald Trump regiert wie ein Elefant im Porzellanladen<\/a><\/strong><br><strong><a href=\"https:\/\/www.overline-design.de\/poetry\/wp-admin\/post.php?post=9863&amp;action=edit\">Donald Trump und Superreiche gegen den Rest der Welt<\/a><\/strong><\/p>\n","protected":false},"excerpt":{"rendered":"<p>Trump fordert f\u00fcr die Verhandlungen von der Ukraine eine &#8222;Geb\u00fchr&#8220;,denn er will wertvolle Rohstoffe von der Ukraine, als Provision daf\u00fcr.Bei den Verhandlungen verfolgt Donald Trump nur seine Interessenund will, das Europa wird die Friedensbedingungen kritiklos fressen. Den Friedens-Deal macht Donald Trump nur in einer kleinen Runde.Mit Russland und die Ukraine, als &#8222;die betroffene Dritte im [&hellip;]<\/p>\n","protected":false},"author":3,"featured_media":0,"parent":0,"menu_order":0,"comment_status":"closed","ping_status":"closed","template":"","meta":{"footnotes":""},"class_list":["post-9955","page","type-page","status-publish","hentry"],"jetpack_sharing_enabled":true,"_links":{"self":[{"href":"https:\/\/www.overline-design.de\/poetry\/index.php?rest_route=\/wp\/v2\/pages\/9955","targetHints":{"allow":["GET"]}}],"collection":[{"href":"https:\/\/www.overline-design.de\/poetry\/index.php?rest_route=\/wp\/v2\/pages"}],"about":[{"href":"https:\/\/www.overline-design.de\/poetry\/index.php?rest_route=\/wp\/v2\/types\/page"}],"author":[{"embeddable":true,"href":"https:\/\/www.overline-design.de\/poetry\/index.php?rest_route=\/wp\/v2\/users\/3"}],"replies":[{"embeddable":true,"href":"https:\/\/www.overline-design.de\/poetry\/index.php?rest_route=%2Fwp%2Fv2%2Fcomments&post=9955"}],"version-history":[{"count":12,"href":"https:\/\/www.overline-design.de\/poetry\/index.php?rest_route=\/wp\/v2\/pages\/9955\/revisions"}],"predecessor-version":[{"id":9971,"href":"https:\/\/www.overline-design.de\/poetry\/index.php?rest_route=\/wp\/v2\/pages\/9955\/revisions\/9971"}],"wp:attachment":[{"href":"https:\/\/www.overline-design.de\/poetry\/index.php?rest_route=%2Fwp%2Fv2%2Fmedia&parent=9955"}],"curies":[{"name":"wp","href":"https:\/\/api.w.org\/{rel}","templated":true}]}}