
{"id":9973,"date":"2025-02-20T00:02:00","date_gmt":"2025-02-20T00:02:00","guid":{"rendered":"https:\/\/www.overline-design.de\/poetry\/?page_id=9973"},"modified":"2025-02-20T16:04:34","modified_gmt":"2025-02-20T16:04:34","slug":"donald-trump-macht-die-ukraine-fuer-den-krieg-verantwortlich-taeter-opfer-umkehr","status":"publish","type":"page","link":"https:\/\/www.overline-design.de\/poetry\/?page_id=9973","title":{"rendered":"Donald Trump macht die Ukraine f\u00fcr den Krieg verantwortlich! T\u00e4ter-Opfer-Umkehr!"},"content":{"rendered":"\n<p>Ich dachte schon erst, ich habe mich bei der Nachricht doch verh\u00f6rt.<br>Ist denn <strong>Donald Trump<\/strong> verr\u00fcckt geworden, somit \u201eGeistesgest\u00f6rt\u201c?<br><strong>Donald Trump<\/strong> hat sich gegen\u00fcber dem Selensky im Ton vergriffen<br>und sollte doch von seinem obskuren Beraterstab \u201ezur\u00fcckgepfiffen\u201c.<br><br>Weder der <strong>Trump<\/strong> noch<strong> Putin<\/strong> k\u00f6nnen Selensky \u201edas Wasser reichen\u201c.<br>Selensky, ein fairer Pr\u00e4sident, mit den Gaunern nicht zu vergleichen.<br>Er k\u00e4mpft gegen einen Aggressor, der sein Land grundlos \u00fcberf\u00e4llt,<br>denn <strong>Putin<\/strong> geht um seine Macht und <strong>Donald Trump<\/strong> nur ums Geld.<br><br><strong>Donald Trump<\/strong> behauptet von Selensky, er w\u00e4re doch ein Diktator.<br>Warum diffamiert <strong>Trump<\/strong> den Pr\u00e4sidenten und was hat er damit vor?<br>In der Ukraine g\u00e4be es f\u00fcr Selensky nur noch vier Prozent R\u00fcckhalt, <br>Selensky sollte sich beeilen, sonst \u201everschwindet\u201c die Ukraine bald!<br><br><strong>Donald Trump<\/strong> plappert nach, was von <strong>Putin<\/strong> ihm wurde vorgegeben,<br>f\u00fcr die Ukraine wird es \u201edas Ende\u201c sein, was sie mit <strong>Trump<\/strong> erleben.<br><strong>Donald Trump<\/strong> die Tatsachen des russischen Angriffkrieges verdreht<br>und <strong>Trump<\/strong> kritisiert die Ukraine, f\u00fcr den Frieden ist es schon zu sp\u00e4t.<br><br><strong>Trump<\/strong> wird sich mit Despoten <strong>Putin<\/strong> gegen die Ukraine verbinden,<br>den Kuchen verteilen, die Ukraine muss sich mit \u201eKr\u00fcmel\u201c abfinden.<br>Das vereinte Europa sollte sich st\u00e4rken, auf eigenen F\u00fc\u00dfen stehen,<br>denn es muss jetzt ohne den gro\u00dfen Bruder Amerika weiter gehen.<br><br>Pr\u00e4sident <strong>Trump<\/strong> wird das Nato-B\u00fcndnis aufk\u00fcndigen und verlassen,<br>Erinnerungen an ein starkes Nato-B\u00fcndnis werden bald verblassen.<br>Wir sollten nur mit einer Stimme, der \u00fcberlegenen St\u00e4rke, sprechen,<br>denn ein gespaltenes Europa wird sich mittelfristig f\u00fcr uns r\u00e4chen.<br><br>Die Europa-Union sollte nun endlich aus der Schockstarre erwachen<br>und f\u00fcr das vereinte Europa nun endlich \u201eN\u00e4gel mit K\u00f6pfen machen\u201c.<br><strong>Trump<\/strong> ist ein Deal-Maker und nebenbei Pr\u00e4sident einer Supermacht.<br>Zuerst das Gesch\u00e4ft, denn Trump sieht den Gewinn, der dabei lacht!<br><br><strong>\u00a9 Rainer Dambroth &#8211; 19.02.2025 &#8211; www.overline-poetry.de<\/strong><br><br><strong><a href=\"https:\/\/www.overline-design.de\/poetry\/wp-admin\/post.php?post=9955&amp;action=edit\">Donald Trump \u2013 Frieden f\u00fcr die Ukraine?<\/a><\/strong><br><strong><a href=\"https:\/\/www.overline-design.de\/poetry\/wp-admin\/post.php?post=9907&amp;action=edit\">Donald Trump als Dealmaker eine Kr\u00e4merseele<\/a><\/strong><br><strong><a href=\"https:\/\/www.overline-design.de\/poetry\/wp-admin\/post.php?post=9923&amp;action=edit\">Donald Trump regiert wie ein Elefant im Porzellanladen<\/a><\/strong><br><strong><a href=\"https:\/\/www.overline-design.de\/poetry\/wp-admin\/post.php?post=9863&amp;action=edit\">Donald Trump und Superreiche gegen den Rest der Welt<\/a><\/strong><\/p>\n","protected":false},"excerpt":{"rendered":"<p>Ich dachte schon erst, ich habe mich bei der Nachricht doch verh\u00f6rt.Ist denn Donald Trump verr\u00fcckt geworden, somit \u201eGeistesgest\u00f6rt\u201c?Donald Trump hat sich gegen\u00fcber dem Selensky im Ton vergriffenund sollte doch von seinem obskuren Beraterstab \u201ezur\u00fcckgepfiffen\u201c. Weder der Trump noch Putin k\u00f6nnen Selensky \u201edas Wasser reichen\u201c.Selensky, ein fairer Pr\u00e4sident, mit den Gaunern nicht zu vergleichen.Er k\u00e4mpft [&hellip;]<\/p>\n","protected":false},"author":3,"featured_media":0,"parent":0,"menu_order":0,"comment_status":"closed","ping_status":"closed","template":"","meta":{"footnotes":""},"class_list":["post-9973","page","type-page","status-publish","hentry"],"jetpack_sharing_enabled":true,"_links":{"self":[{"href":"https:\/\/www.overline-design.de\/poetry\/index.php?rest_route=\/wp\/v2\/pages\/9973","targetHints":{"allow":["GET"]}}],"collection":[{"href":"https:\/\/www.overline-design.de\/poetry\/index.php?rest_route=\/wp\/v2\/pages"}],"about":[{"href":"https:\/\/www.overline-design.de\/poetry\/index.php?rest_route=\/wp\/v2\/types\/page"}],"author":[{"embeddable":true,"href":"https:\/\/www.overline-design.de\/poetry\/index.php?rest_route=\/wp\/v2\/users\/3"}],"replies":[{"embeddable":true,"href":"https:\/\/www.overline-design.de\/poetry\/index.php?rest_route=%2Fwp%2Fv2%2Fcomments&post=9973"}],"version-history":[{"count":4,"href":"https:\/\/www.overline-design.de\/poetry\/index.php?rest_route=\/wp\/v2\/pages\/9973\/revisions"}],"predecessor-version":[{"id":9980,"href":"https:\/\/www.overline-design.de\/poetry\/index.php?rest_route=\/wp\/v2\/pages\/9973\/revisions\/9980"}],"wp:attachment":[{"href":"https:\/\/www.overline-design.de\/poetry\/index.php?rest_route=%2Fwp%2Fv2%2Fmedia&parent=9973"}],"curies":[{"name":"wp","href":"https:\/\/api.w.org\/{rel}","templated":true}]}}